{"id":588,"date":"2021-07-15T13:41:05","date_gmt":"2021-07-15T13:41:05","guid":{"rendered":"http:\/\/140.84.180.21\/?page_id=588"},"modified":"2021-07-16T22:14:56","modified_gmt":"2021-07-16T22:14:56","slug":"colaboradores","status":"publish","type":"page","link":"https:\/\/yotalento.com\/?page_id=588","title":{"rendered":"Colaboradores"},"content":{"rendered":"\t\t<div data-elementor-type=\"wp-page\" data-elementor-id=\"588\" class=\"elementor elementor-588\">\n\t\t\t\t\t\t\t\t\t<section class=\"elementor-section elementor-top-section elementor-element elementor-element-2cf22d8 elementor-section-height-min-height elementor-section-boxed elementor-section-height-default elementor-section-items-middle\" data-id=\"2cf22d8\" data-element_type=\"section\" data-settings=\"{&quot;background_background&quot;:&quot;classic&quot;,&quot;animation&quot;:&quot;none&quot;}\">\n\t\t\t\t\t\t\t<div class=\"elementor-background-overlay\"><\/div>\n\t\t\t\t\t\t\t<div class=\"elementor-container elementor-column-gap-no\">\n\t\t\t\t\t\t\t\t<\/div>\n\t\t<\/section>\n\t\t\t\t<section class=\"elementor-section elementor-top-section elementor-element elementor-element-78e20dd5 elementor-section-height-min-height elementor-section-content-middle elementor-section-boxed elementor-section-height-default elementor-section-items-middle\" data-id=\"78e20dd5\" data-element_type=\"section\" data-settings=\"{&quot;background_background&quot;:&quot;classic&quot;}\">\n\t\t\t\t\t\t<div class=\"elementor-container elementor-column-gap-default\">\n\t\t\t\t\t<div class=\"elementor-column elementor-col-50 elementor-top-column elementor-element elementor-element-7f487ab4\" data-id=\"7f487ab4\" data-element_type=\"column\">\n\t\t\t<div class=\"elementor-widget-wrap elementor-element-populated\">\n\t\t\t\t\t\t\t\t<div class=\"elementor-element elementor-element-75b29704 elementor-widget-divider--view-line elementor-widget elementor-widget-divider\" data-id=\"75b29704\" data-element_type=\"widget\" data-widget_type=\"divider.default\">\n\t\t\t\t<div class=\"elementor-widget-container\">\n\t\t\t\t\t<div class=\"elementor-divider\">\n\t\t\t<span class=\"elementor-divider-separator\">\n\t\t\t\t\t\t<\/span>\n\t\t<\/div>\n\t\t\t\t<\/div>\n\t\t\t\t<\/div>\n\t\t\t\t<div class=\"elementor-element elementor-element-3eac6467 elementor-invisible elementor-widget elementor-widget-heading\" data-id=\"3eac6467\" data-element_type=\"widget\" data-settings=\"{&quot;_animation&quot;:&quot;fadeInLeft&quot;}\" data-widget_type=\"heading.default\">\n\t\t\t\t<div class=\"elementor-widget-container\">\n\t\t\t<h3 class=\"elementor-heading-title elementor-size-large\">Mtra. Debra Figueroa Schulte\n<\/h3>\t\t<\/div>\n\t\t\t\t<\/div>\n\t\t\t\t<div class=\"elementor-element elementor-element-4d95d37c elementor-widget elementor-widget-text-editor\" data-id=\"4d95d37c\" data-element_type=\"widget\" data-widget_type=\"text-editor.default\">\n\t\t\t\t<div class=\"elementor-widget-container\">\n\t\t\t\t\t\t\t<p><strong>Licenciada en Psicolog\u00eda y Maestra en psicolog\u00eda.<\/strong><\/p><p>Orientadora Educativa en la Universidad de Colima, <strong>con experiencia de 11 a\u00f1os de trabajo<\/strong> con adolescentes, j\u00f3venes y padres de familia.<br \/>Trabaja temas relacionados con <strong>habilidades socioemocionales, de apoyo al aprendizaje y proyecto profesional de vida.<\/strong><\/p><p>El desarrollo humano es un \u00e1mbito de trabajo que le gusta porque contribuye a <strong>potenciar talentos y habilidades,<\/strong> especialmente en ni\u00f1os, adolescentes y j\u00f3venes.<\/p>\t\t\t\t\t\t<\/div>\n\t\t\t\t<\/div>\n\t\t\t\t\t<\/div>\n\t\t<\/div>\n\t\t\t\t<div class=\"elementor-column elementor-col-50 elementor-top-column elementor-element elementor-element-60ca3027\" data-id=\"60ca3027\" data-element_type=\"column\">\n\t\t\t<div class=\"elementor-widget-wrap elementor-element-populated\">\n\t\t\t\t\t\t\t\t<div class=\"elementor-element elementor-element-3041480f elementor-invisible elementor-widget elementor-widget-image\" data-id=\"3041480f\" data-element_type=\"widget\" data-settings=\"{&quot;_animation&quot;:&quot;fadeInRight&quot;}\" data-widget_type=\"image.default\">\n\t\t\t\t<div class=\"elementor-widget-container\">\n\t\t\t\t\t\t\t\t\t\t\t\t\t\t\t<img loading=\"lazy\" decoding=\"async\" width=\"1201\" height=\"1200\" src=\"https:\/\/yotalento.com\/wp-content\/uploads\/2021\/07\/36.png\" class=\"attachment-full size-full\" alt=\"\" srcset=\"https:\/\/yotalento.com\/wp-content\/uploads\/2021\/07\/36.png 1201w, https:\/\/yotalento.com\/wp-content\/uploads\/2021\/07\/36-300x300.png 300w, https:\/\/yotalento.com\/wp-content\/uploads\/2021\/07\/36-1024x1024.png 1024w, https:\/\/yotalento.com\/wp-content\/uploads\/2021\/07\/36-150x150.png 150w, https:\/\/yotalento.com\/wp-content\/uploads\/2021\/07\/36-768x767.png 768w\" sizes=\"(max-width: 1201px) 100vw, 1201px\" \/>\t\t\t\t\t\t\t\t\t\t\t\t\t\t\t<\/div>\n\t\t\t\t<\/div>\n\t\t\t\t\t<\/div>\n\t\t<\/div>\n\t\t\t\t\t\t\t<\/div>\n\t\t<\/section>\n\t\t\t\t<section class=\"elementor-section elementor-top-section elementor-element elementor-element-260488cc elementor-section-height-min-height elementor-section-content-middle elementor-reverse-mobile elementor-section-boxed elementor-section-height-default elementor-section-items-middle\" data-id=\"260488cc\" data-element_type=\"section\" data-settings=\"{&quot;background_background&quot;:&quot;classic&quot;}\">\n\t\t\t\t\t\t\t<div class=\"elementor-background-overlay\"><\/div>\n\t\t\t\t\t\t\t<div class=\"elementor-container elementor-column-gap-default\">\n\t\t\t\t\t<div class=\"elementor-column elementor-col-50 elementor-top-column elementor-element elementor-element-6c9f176\" data-id=\"6c9f176\" data-element_type=\"column\">\n\t\t\t<div class=\"elementor-widget-wrap elementor-element-populated\">\n\t\t\t\t\t\t\t\t<div class=\"elementor-element elementor-element-2b4328ad elementor-invisible elementor-widget elementor-widget-image\" data-id=\"2b4328ad\" data-element_type=\"widget\" data-settings=\"{&quot;_animation&quot;:&quot;fadeInLeft&quot;}\" data-widget_type=\"image.default\">\n\t\t\t\t<div class=\"elementor-widget-container\">\n\t\t\t\t\t\t\t\t\t\t\t\t\t\t\t<img loading=\"lazy\" decoding=\"async\" width=\"1201\" height=\"1200\" src=\"https:\/\/yotalento.com\/wp-content\/uploads\/2021\/07\/35.png\" class=\"attachment-full size-full\" alt=\"\" srcset=\"https:\/\/yotalento.com\/wp-content\/uploads\/2021\/07\/35.png 1201w, https:\/\/yotalento.com\/wp-content\/uploads\/2021\/07\/35-300x300.png 300w, https:\/\/yotalento.com\/wp-content\/uploads\/2021\/07\/35-1024x1024.png 1024w, https:\/\/yotalento.com\/wp-content\/uploads\/2021\/07\/35-150x150.png 150w, https:\/\/yotalento.com\/wp-content\/uploads\/2021\/07\/35-768x767.png 768w\" sizes=\"(max-width: 1201px) 100vw, 1201px\" \/>\t\t\t\t\t\t\t\t\t\t\t\t\t\t\t<\/div>\n\t\t\t\t<\/div>\n\t\t\t\t\t<\/div>\n\t\t<\/div>\n\t\t\t\t<div class=\"elementor-column elementor-col-50 elementor-top-column elementor-element elementor-element-31e9e6b\" data-id=\"31e9e6b\" data-element_type=\"column\">\n\t\t\t<div class=\"elementor-widget-wrap elementor-element-populated\">\n\t\t\t\t\t\t\t\t<div class=\"elementor-element elementor-element-33b980bd elementor-widget-divider--view-line elementor-widget elementor-widget-divider\" data-id=\"33b980bd\" data-element_type=\"widget\" data-widget_type=\"divider.default\">\n\t\t\t\t<div class=\"elementor-widget-container\">\n\t\t\t\t\t<div class=\"elementor-divider\">\n\t\t\t<span class=\"elementor-divider-separator\">\n\t\t\t\t\t\t<\/span>\n\t\t<\/div>\n\t\t\t\t<\/div>\n\t\t\t\t<\/div>\n\t\t\t\t<div class=\"elementor-element elementor-element-341fbb31 elementor-invisible elementor-widget elementor-widget-heading\" data-id=\"341fbb31\" data-element_type=\"widget\" data-settings=\"{&quot;_animation&quot;:&quot;fadeInRight&quot;}\" data-widget_type=\"heading.default\">\n\t\t\t\t<div class=\"elementor-widget-container\">\n\t\t\t<h3 class=\"elementor-heading-title elementor-size-large\">Dra. Laura Quintero Mac\u00edas<\/h3>\t\t<\/div>\n\t\t\t\t<\/div>\n\t\t\t\t<div class=\"elementor-element elementor-element-55a480fe elementor-widget elementor-widget-text-editor\" data-id=\"55a480fe\" data-element_type=\"widget\" data-widget_type=\"text-editor.default\">\n\t\t\t\t<div class=\"elementor-widget-container\">\n\t\t\t\t\t\t\t<p><strong>Pediatra egresada de la U de G.<\/strong><\/p><p><strong>Maestra en ciencias m\u00e9dicas por la UCOL.<\/strong><\/p><p>Certificada por el colegio mexicano de pediatr\u00eda. <strong>Docente<\/strong> en la facultad de medicina de la UCOL <strong>desde hace 10 a\u00f1os.<\/strong><\/p><p>Le gusta mucho trabajar con ni\u00f1os y j\u00f3venes, por eso estudi\u00f3 la especialidad en <strong>pediatr\u00eda<\/strong>; adem\u00e1s de apoyar a los padres de familia con ideas y consejos para que sus hijos tengan buena salud, pero sobre todo, tengan un <strong>excelente desarrollo f\u00edsico y mental.<\/strong><\/p>\t\t\t\t\t\t<\/div>\n\t\t\t\t<\/div>\n\t\t\t\t\t<\/div>\n\t\t<\/div>\n\t\t\t\t\t\t\t<\/div>\n\t\t<\/section>\n\t\t\t\t<section class=\"elementor-section elementor-top-section elementor-element elementor-element-1b626f8 elementor-section-height-min-height elementor-section-content-middle elementor-section-boxed elementor-section-height-default elementor-section-items-middle\" data-id=\"1b626f8\" data-element_type=\"section\" data-settings=\"{&quot;background_background&quot;:&quot;classic&quot;}\">\n\t\t\t\t\t\t<div class=\"elementor-container elementor-column-gap-default\">\n\t\t\t\t\t<div class=\"elementor-column elementor-col-50 elementor-top-column elementor-element elementor-element-c6d521f\" data-id=\"c6d521f\" data-element_type=\"column\">\n\t\t\t<div class=\"elementor-widget-wrap elementor-element-populated\">\n\t\t\t\t\t\t\t\t<div class=\"elementor-element elementor-element-1771d79 elementor-widget-divider--view-line elementor-widget elementor-widget-divider\" data-id=\"1771d79\" data-element_type=\"widget\" data-widget_type=\"divider.default\">\n\t\t\t\t<div class=\"elementor-widget-container\">\n\t\t\t\t\t<div class=\"elementor-divider\">\n\t\t\t<span class=\"elementor-divider-separator\">\n\t\t\t\t\t\t<\/span>\n\t\t<\/div>\n\t\t\t\t<\/div>\n\t\t\t\t<\/div>\n\t\t\t\t<div class=\"elementor-element elementor-element-22e65de elementor-invisible elementor-widget elementor-widget-heading\" data-id=\"22e65de\" data-element_type=\"widget\" data-settings=\"{&quot;_animation&quot;:&quot;fadeInLeft&quot;}\" data-widget_type=\"heading.default\">\n\t\t\t\t<div class=\"elementor-widget-container\">\n\t\t\t<h3 class=\"elementor-heading-title elementor-size-large\">Dr. Carlos Quintero Mac\u00edas<\/h3>\t\t<\/div>\n\t\t\t\t<\/div>\n\t\t\t\t<div class=\"elementor-element elementor-element-9665034 elementor-widget elementor-widget-text-editor\" data-id=\"9665034\" data-element_type=\"widget\" data-widget_type=\"text-editor.default\">\n\t\t\t\t<div class=\"elementor-widget-container\">\n\t\t\t\t\t\t\t<p>Lic. en <strong>Pedagog\u00eda<\/strong> y Dr. en <strong>Ciencias Sociales<\/strong>.<\/p><p>Profesor de la Universidad de Guadalajara <strong>con m\u00e1s de 20 a\u00f1os de experiencia profesional.<\/strong><\/p><p>Trabaja temas relacionados con <strong>teor\u00edas pedag\u00f3gicas y teor\u00edas del aprendizaje, desarrollo de h\u00e1bitos y estrategias de aprendizaje.<\/strong> Le apasiona la educaci\u00f3n y est\u00e1 convencido que <strong>las competencias transversales son los elementos que necesitan los ni\u00f1os para tener trayectorias de vida exitosas y sobre todo para ser felices.<\/strong><\/p>\t\t\t\t\t\t<\/div>\n\t\t\t\t<\/div>\n\t\t\t\t\t<\/div>\n\t\t<\/div>\n\t\t\t\t<div class=\"elementor-column elementor-col-50 elementor-top-column elementor-element elementor-element-1cc0455\" data-id=\"1cc0455\" data-element_type=\"column\">\n\t\t\t<div class=\"elementor-widget-wrap elementor-element-populated\">\n\t\t\t\t\t\t\t\t<div class=\"elementor-element elementor-element-15b6093 elementor-invisible elementor-widget elementor-widget-image\" data-id=\"15b6093\" data-element_type=\"widget\" data-settings=\"{&quot;_animation&quot;:&quot;fadeInRight&quot;}\" data-widget_type=\"image.default\">\n\t\t\t\t<div class=\"elementor-widget-container\">\n\t\t\t\t\t\t\t\t\t\t\t\t\t\t\t<img loading=\"lazy\" decoding=\"async\" width=\"1201\" height=\"1200\" src=\"https:\/\/yotalento.com\/wp-content\/uploads\/2021\/07\/34.png\" class=\"attachment-full size-full\" alt=\"\" srcset=\"https:\/\/yotalento.com\/wp-content\/uploads\/2021\/07\/34.png 1201w, https:\/\/yotalento.com\/wp-content\/uploads\/2021\/07\/34-300x300.png 300w, https:\/\/yotalento.com\/wp-content\/uploads\/2021\/07\/34-1024x1024.png 1024w, https:\/\/yotalento.com\/wp-content\/uploads\/2021\/07\/34-150x150.png 150w, https:\/\/yotalento.com\/wp-content\/uploads\/2021\/07\/34-768x767.png 768w\" sizes=\"(max-width: 1201px) 100vw, 1201px\" \/>\t\t\t\t\t\t\t\t\t\t\t\t\t\t\t<\/div>\n\t\t\t\t<\/div>\n\t\t\t\t\t<\/div>\n\t\t<\/div>\n\t\t\t\t\t\t\t<\/div>\n\t\t<\/section>\n\t\t\t\t<section class=\"elementor-section elementor-top-section elementor-element elementor-element-7c85e83 elementor-section-height-min-height elementor-section-content-middle elementor-reverse-mobile elementor-section-boxed elementor-section-height-default elementor-section-items-middle\" data-id=\"7c85e83\" data-element_type=\"section\" data-settings=\"{&quot;background_background&quot;:&quot;classic&quot;}\">\n\t\t\t\t\t\t\t<div class=\"elementor-background-overlay\"><\/div>\n\t\t\t\t\t\t\t<div class=\"elementor-container elementor-column-gap-default\">\n\t\t\t\t\t<div class=\"elementor-column elementor-col-50 elementor-top-column elementor-element elementor-element-516df96\" data-id=\"516df96\" data-element_type=\"column\">\n\t\t\t<div class=\"elementor-widget-wrap elementor-element-populated\">\n\t\t\t\t\t\t\t\t<div class=\"elementor-element elementor-element-478e52d elementor-invisible elementor-widget elementor-widget-image\" data-id=\"478e52d\" data-element_type=\"widget\" data-settings=\"{&quot;_animation&quot;:&quot;fadeInLeft&quot;}\" data-widget_type=\"image.default\">\n\t\t\t\t<div class=\"elementor-widget-container\">\n\t\t\t\t\t\t\t\t\t\t\t\t\t\t\t<img loading=\"lazy\" decoding=\"async\" width=\"1201\" height=\"1200\" src=\"https:\/\/yotalento.com\/wp-content\/uploads\/2021\/07\/37.png\" class=\"attachment-full size-full\" alt=\"\" srcset=\"https:\/\/yotalento.com\/wp-content\/uploads\/2021\/07\/37.png 1201w, https:\/\/yotalento.com\/wp-content\/uploads\/2021\/07\/37-300x300.png 300w, https:\/\/yotalento.com\/wp-content\/uploads\/2021\/07\/37-1024x1024.png 1024w, https:\/\/yotalento.com\/wp-content\/uploads\/2021\/07\/37-150x150.png 150w, https:\/\/yotalento.com\/wp-content\/uploads\/2021\/07\/37-768x767.png 768w\" sizes=\"(max-width: 1201px) 100vw, 1201px\" \/>\t\t\t\t\t\t\t\t\t\t\t\t\t\t\t<\/div>\n\t\t\t\t<\/div>\n\t\t\t\t\t<\/div>\n\t\t<\/div>\n\t\t\t\t<div class=\"elementor-column elementor-col-50 elementor-top-column elementor-element elementor-element-32eba24\" data-id=\"32eba24\" data-element_type=\"column\">\n\t\t\t<div class=\"elementor-widget-wrap elementor-element-populated\">\n\t\t\t\t\t\t\t\t<div class=\"elementor-element elementor-element-ef04213 elementor-widget-divider--view-line elementor-widget elementor-widget-divider\" data-id=\"ef04213\" data-element_type=\"widget\" data-widget_type=\"divider.default\">\n\t\t\t\t<div class=\"elementor-widget-container\">\n\t\t\t\t\t<div class=\"elementor-divider\">\n\t\t\t<span class=\"elementor-divider-separator\">\n\t\t\t\t\t\t<\/span>\n\t\t<\/div>\n\t\t\t\t<\/div>\n\t\t\t\t<\/div>\n\t\t\t\t<div class=\"elementor-element elementor-element-c965ec2 elementor-invisible elementor-widget elementor-widget-heading\" data-id=\"c965ec2\" data-element_type=\"widget\" data-settings=\"{&quot;_animation&quot;:&quot;fadeInRight&quot;}\" data-widget_type=\"heading.default\">\n\t\t\t\t<div class=\"elementor-widget-container\">\n\t\t\t<h3 class=\"elementor-heading-title elementor-size-large\">Lic. Karen A\u00edda Sol\u00f3rzano Ru\u00edz<\/h3>\t\t<\/div>\n\t\t\t\t<\/div>\n\t\t\t\t<div class=\"elementor-element elementor-element-40ac0ec elementor-widget elementor-widget-text-editor\" data-id=\"40ac0ec\" data-element_type=\"widget\" data-widget_type=\"text-editor.default\">\n\t\t\t\t<div class=\"elementor-widget-container\">\n\t\t\t\t\t\t\t<p><strong>Lic. En Psic\u00f3loga<\/strong> por la Universidad de Guadalajara\u00a0<\/p><p><strong>Capacitadora laboral<\/strong> de personas con discapacidad intelectual en Capability, con<strong> 6 a\u00f1os de experiencia<\/strong> en la <strong>educaci\u00f3n especial, trabajo por la inclusi\u00f3n social y laboral de personas con Necesidades Educativas Especiales , Autismo, y S\u00edndrome de Down.<\/strong><\/p>\t\t\t\t\t\t<\/div>\n\t\t\t\t<\/div>\n\t\t\t\t\t<\/div>\n\t\t<\/div>\n\t\t\t\t\t\t\t<\/div>\n\t\t<\/section>\n\t\t\t\t<section class=\"elementor-section elementor-top-section elementor-element elementor-element-9b9f0b3 elementor-section-height-min-height elementor-section-content-middle elementor-section-boxed elementor-section-height-default elementor-section-items-middle\" data-id=\"9b9f0b3\" data-element_type=\"section\" data-settings=\"{&quot;background_background&quot;:&quot;classic&quot;}\">\n\t\t\t\t\t\t<div class=\"elementor-container elementor-column-gap-default\">\n\t\t\t\t\t<div class=\"elementor-column elementor-col-50 elementor-top-column elementor-element elementor-element-813807a\" data-id=\"813807a\" data-element_type=\"column\">\n\t\t\t<div class=\"elementor-widget-wrap elementor-element-populated\">\n\t\t\t\t\t\t\t\t<div class=\"elementor-element elementor-element-80bcb93 elementor-widget-divider--view-line elementor-widget elementor-widget-divider\" data-id=\"80bcb93\" data-element_type=\"widget\" data-widget_type=\"divider.default\">\n\t\t\t\t<div class=\"elementor-widget-container\">\n\t\t\t\t\t<div class=\"elementor-divider\">\n\t\t\t<span class=\"elementor-divider-separator\">\n\t\t\t\t\t\t<\/span>\n\t\t<\/div>\n\t\t\t\t<\/div>\n\t\t\t\t<\/div>\n\t\t\t\t<div class=\"elementor-element elementor-element-2f9ac25 elementor-invisible elementor-widget elementor-widget-heading\" data-id=\"2f9ac25\" data-element_type=\"widget\" data-settings=\"{&quot;_animation&quot;:&quot;fadeInLeft&quot;}\" data-widget_type=\"heading.default\">\n\t\t\t\t<div class=\"elementor-widget-container\">\n\t\t\t<h3 class=\"elementor-heading-title elementor-size-large\">Dr. Leonardo Garc\u00eda Lozano<\/h3>\t\t<\/div>\n\t\t\t\t<\/div>\n\t\t\t\t<div class=\"elementor-element elementor-element-97608c7 elementor-widget elementor-widget-text-editor\" data-id=\"97608c7\" data-element_type=\"widget\" data-widget_type=\"text-editor.default\">\n\t\t\t\t<div class=\"elementor-widget-container\">\n\t\t\t\t\t\t\t<p>Doctor en <strong>Ciencias Sociales, de la Salud y la Educaci\u00f3n<\/strong> por la Universidad de Girona (Espa\u00f1a); <strong>M\u00e1ster en Psicolog\u00eda de la Educaci\u00f3n<\/strong> por la Universidad de Barcelona (Espa\u00f1a); <strong>Maestro en Ciencias de la Educaci\u00f3n<\/strong> por el ISIDM (M\u00e9xico); <strong>Licenciado en Psicolog\u00eda<\/strong> por la UdeG (M\u00e9xico).<\/p><p>Actualmente se desempe\u00f1a como<strong> Coordinador de la Licenciatura en Educaci\u00f3n<\/strong> del Centro Universitario de los Valles de la UdeG.<\/p><p><br \/>Ha investigado y dise\u00f1ado intervenciones sobre <strong>formaci\u00f3n docente y clima escolar, evaluaci\u00f3n por competencias y aprendizaje cooperativo.<\/strong> Ha sido docente durante <strong>26 a\u00f1os<\/strong> en todos los niveles educativos.<br \/>Combina sus conocimientos psicol\u00f3gicos y educativos, para desarrollar propuestas de intervenci\u00f3n con ni\u00f1os y j\u00f3venes, que tengan sentido y les ayuden a tener un <strong>desarrollo integral.<\/strong><\/p>\t\t\t\t\t\t<\/div>\n\t\t\t\t<\/div>\n\t\t\t\t\t<\/div>\n\t\t<\/div>\n\t\t\t\t<div class=\"elementor-column elementor-col-50 elementor-top-column elementor-element elementor-element-9ef1024\" data-id=\"9ef1024\" data-element_type=\"column\">\n\t\t\t<div class=\"elementor-widget-wrap elementor-element-populated\">\n\t\t\t\t\t\t\t\t<div class=\"elementor-element elementor-element-64e8aed elementor-invisible elementor-widget elementor-widget-image\" data-id=\"64e8aed\" data-element_type=\"widget\" data-settings=\"{&quot;_animation&quot;:&quot;fadeInRight&quot;}\" data-widget_type=\"image.default\">\n\t\t\t\t<div class=\"elementor-widget-container\">\n\t\t\t\t\t\t\t\t\t\t\t\t\t\t\t<img loading=\"lazy\" decoding=\"async\" width=\"1201\" height=\"1200\" src=\"https:\/\/yotalento.com\/wp-content\/uploads\/2021\/07\/38.png\" class=\"attachment-full size-full\" alt=\"\" srcset=\"https:\/\/yotalento.com\/wp-content\/uploads\/2021\/07\/38.png 1201w, https:\/\/yotalento.com\/wp-content\/uploads\/2021\/07\/38-300x300.png 300w, https:\/\/yotalento.com\/wp-content\/uploads\/2021\/07\/38-1024x1024.png 1024w, https:\/\/yotalento.com\/wp-content\/uploads\/2021\/07\/38-150x150.png 150w, https:\/\/yotalento.com\/wp-content\/uploads\/2021\/07\/38-768x767.png 768w\" sizes=\"(max-width: 1201px) 100vw, 1201px\" \/>\t\t\t\t\t\t\t\t\t\t\t\t\t\t\t<\/div>\n\t\t\t\t<\/div>\n\t\t\t\t\t<\/div>\n\t\t<\/div>\n\t\t\t\t\t\t\t<\/div>\n\t\t<\/section>\n\t\t\t\t<section class=\"elementor-section elementor-top-section elementor-element elementor-element-452046de elementor-section-boxed elementor-section-height-default elementor-section-height-default\" data-id=\"452046de\" data-element_type=\"section\" data-settings=\"{&quot;background_background&quot;:&quot;classic&quot;}\">\n\t\t\t\t\t\t\t<div class=\"elementor-background-overlay\"><\/div>\n\t\t\t\t\t\t\t<div class=\"elementor-container elementor-column-gap-default\">\n\t\t\t\t\t<div class=\"elementor-column elementor-col-100 elementor-top-column elementor-element elementor-element-329ebf93\" data-id=\"329ebf93\" data-element_type=\"column\">\n\t\t\t<div class=\"elementor-widget-wrap elementor-element-populated\">\n\t\t\t\t\t\t\t\t<div class=\"elementor-element elementor-element-58605c79 elementor-invisible elementor-widget elementor-widget-heading\" data-id=\"58605c79\" data-element_type=\"widget\" data-settings=\"{&quot;_animation&quot;:&quot;fadeInUp&quot;}\" data-widget_type=\"heading.default\">\n\t\t\t\t<div class=\"elementor-widget-container\">\n\t\t\t<h2 class=\"elementor-heading-title elementor-size-large\">\u00a1Mantente conectado!<\/h2>\t\t<\/div>\n\t\t\t\t<\/div>\n\t\t\t\t<div class=\"elementor-element elementor-element-d74668d elementor-invisible elementor-widget elementor-widget-heading\" data-id=\"d74668d\" data-element_type=\"widget\" data-settings=\"{&quot;_animation&quot;:&quot;fadeInUp&quot;}\" data-widget_type=\"heading.default\">\n\t\t\t\t<div class=\"elementor-widget-container\">\n\t\t\t<p class=\"elementor-heading-title elementor-size-medium\">S\u00edguenos en nuestras redes sociales para que conozcas m\u00e1s sobre nuestro proyecto.<\/p>\t\t<\/div>\n\t\t\t\t<\/div>\n\t\t\t\t<div class=\"elementor-element elementor-element-468d596 elementor-shape-rounded elementor-grid-0 e-grid-align-center elementor-widget elementor-widget-social-icons\" data-id=\"468d596\" data-element_type=\"widget\" data-widget_type=\"social-icons.default\">\n\t\t\t\t<div class=\"elementor-widget-container\">\n\t\t\t\t\t<div class=\"elementor-social-icons-wrapper elementor-grid\">\n\t\t\t\t\t\t\t<span class=\"elementor-grid-item\">\n\t\t\t\t\t<a class=\"elementor-icon elementor-social-icon elementor-social-icon-facebook elementor-animation-pulse-grow elementor-repeater-item-93e4bad\" href=\"https:\/\/www.facebook.com\/Yo-talento-100659685517896\" target=\"_blank\">\n\t\t\t\t\t\t<span class=\"elementor-screen-only\">Facebook<\/span>\n\t\t\t\t\t\t<i class=\"fab fa-facebook\"><\/i>\t\t\t\t\t<\/a>\n\t\t\t\t<\/span>\n\t\t\t\t\t\t\t<span class=\"elementor-grid-item\">\n\t\t\t\t\t<a class=\"elementor-icon elementor-social-icon elementor-social-icon-youtube elementor-animation-pulse-grow elementor-repeater-item-49f9ec7\" href=\"https:\/\/www.youtube.com\/channel\/UCg4HnaQi3J0IPe5ttUflZFA\" target=\"_blank\">\n\t\t\t\t\t\t<span class=\"elementor-screen-only\">Youtube<\/span>\n\t\t\t\t\t\t<i class=\"fab fa-youtube\"><\/i>\t\t\t\t\t<\/a>\n\t\t\t\t<\/span>\n\t\t\t\t\t\t\t<span class=\"elementor-grid-item\">\n\t\t\t\t\t<a class=\"elementor-icon elementor-social-icon elementor-social-icon-instagram elementor-animation-pulse-grow elementor-repeater-item-8eadd12\" href=\"https:\/\/www.instagram.com\/yo_talento\/?utm_medium=copy_link\" target=\"_blank\">\n\t\t\t\t\t\t<span class=\"elementor-screen-only\">Instagram<\/span>\n\t\t\t\t\t\t<i class=\"fab fa-instagram\"><\/i>\t\t\t\t\t<\/a>\n\t\t\t\t<\/span>\n\t\t\t\t\t<\/div>\n\t\t\t\t<\/div>\n\t\t\t\t<\/div>\n\t\t\t\t\t<\/div>\n\t\t<\/div>\n\t\t\t\t\t\t\t<\/div>\n\t\t<\/section>\n\t\t\t\t<section class=\"elementor-section elementor-top-section elementor-element elementor-element-278e322c elementor-section-boxed elementor-section-height-default elementor-section-height-default\" data-id=\"278e322c\" data-element_type=\"section\">\n\t\t\t\t\t\t<div class=\"elementor-container elementor-column-gap-default\">\n\t\t\t\t\t<div class=\"elementor-column elementor-col-100 elementor-top-column elementor-element elementor-element-767ef05f\" data-id=\"767ef05f\" data-element_type=\"column\">\n\t\t\t<div class=\"elementor-widget-wrap\">\n\t\t\t\t\t\t\t\t\t<\/div>\n\t\t<\/div>\n\t\t\t\t\t\t\t<\/div>\n\t\t<\/section>\n\t\t\t\t\t\t\t<\/div>\n\t\t","protected":false},"excerpt":{"rendered":"<p>Mtra. Debra Figueroa Schulte Licenciada en Psicolog\u00eda y Maestra en psicolog\u00eda. Orientadora Educativa en la Universidad de Colima, con experiencia de 11 a\u00f1os de trabajo con adolescentes, j\u00f3venes y padres de familia.Trabaja temas relacionados con habilidades socioemocionales, de apoyo al aprendizaje y proyecto profesional de vida. El desarrollo humano es [&hellip;]<\/p>\n","protected":false},"author":1,"featured_media":0,"parent":0,"menu_order":0,"comment_status":"closed","ping_status":"closed","template":"page-templates\/template-pagebuilder-full-width.php","meta":{"footnotes":""},"_links":{"self":[{"href":"https:\/\/yotalento.com\/index.php?rest_route=\/wp\/v2\/pages\/588"}],"collection":[{"href":"https:\/\/yotalento.com\/index.php?rest_route=\/wp\/v2\/pages"}],"about":[{"href":"https:\/\/yotalento.com\/index.php?rest_route=\/wp\/v2\/types\/page"}],"author":[{"embeddable":true,"href":"https:\/\/yotalento.com\/index.php?rest_route=\/wp\/v2\/users\/1"}],"replies":[{"embeddable":true,"href":"https:\/\/yotalento.com\/index.php?rest_route=%2Fwp%2Fv2%2Fcomments&post=588"}],"version-history":[{"count":49,"href":"https:\/\/yotalento.com\/index.php?rest_route=\/wp\/v2\/pages\/588\/revisions"}],"predecessor-version":[{"id":658,"href":"https:\/\/yotalento.com\/index.php?rest_route=\/wp\/v2\/pages\/588\/revisions\/658"}],"wp:attachment":[{"href":"https:\/\/yotalento.com\/index.php?rest_route=%2Fwp%2Fv2%2Fmedia&parent=588"}],"curies":[{"name":"wp","href":"https:\/\/api.w.org\/{rel}","templated":true}]}}